{"id":863,"date":"2017-03-19T15:10:57","date_gmt":"2017-03-19T14:10:57","guid":{"rendered":"http:\/\/www2.mathnique.com\/site\/?page_id=863"},"modified":"2017-04-04T22:36:05","modified_gmt":"2017-04-04T20:36:05","slug":"courbes-parametrees","status":"publish","type":"page","link":"https:\/\/www.mathnique.com\/site\/courbes-parametrees\/","title":{"rendered":"Courbes param\u00e9tr\u00e9es"},"content":{"rendered":"<ul>\n<li>Courbes param\u00e8tr\u00e9es :<\/li>\n<li>Exemples :\n<ul>\n<li>La cardioide<\/li>\n<li>La courbe d'Agnesi<\/li>\n<\/ul>\n<\/li>\n<li>Probl\u00e8mes classiques :<\/li>\n<\/ul>\n","protected":false},"excerpt":{"rendered":"<p>Courbes param\u00e8tr\u00e9es : Exemples : La cardioide La courbe d'Agnesi Probl\u00e8mes classiques :<\/p>\n","protected":false},"author":1,"featured_media":0,"parent":0,"menu_order":0,"comment_status":"closed","ping_status":"closed","template":"","meta":{"_monsterinsights_skip_tracking":false,"_monsterinsights_sitenote_active":false,"_monsterinsights_sitenote_note":"","_monsterinsights_sitenote_category":0,"footnotes":""},"class_list":["post-863","page","type-page","status-publish","hentry"],"_links":{"self":[{"href":"https:\/\/www.mathnique.com\/site\/wp-json\/wp\/v2\/pages\/863","targetHints":{"allow":["GET"]}}],"collection":[{"href":"https:\/\/www.mathnique.com\/site\/wp-json\/wp\/v2\/pages"}],"about":[{"href":"https:\/\/www.mathnique.com\/site\/wp-json\/wp\/v2\/types\/page"}],"author":[{"embeddable":true,"href":"https:\/\/www.mathnique.com\/site\/wp-json\/wp\/v2\/users\/1"}],"replies":[{"embeddable":true,"href":"https:\/\/www.mathnique.com\/site\/wp-json\/wp\/v2\/comments?post=863"}],"version-history":[{"count":3,"href":"https:\/\/www.mathnique.com\/site\/wp-json\/wp\/v2\/pages\/863\/revisions"}],"predecessor-version":[{"id":1144,"href":"https:\/\/www.mathnique.com\/site\/wp-json\/wp\/v2\/pages\/863\/revisions\/1144"}],"wp:attachment":[{"href":"https:\/\/www.mathnique.com\/site\/wp-json\/wp\/v2\/media?parent=863"}],"curies":[{"name":"wp","href":"https:\/\/api.w.org\/{rel}","templated":true}]}}