{"id":935,"date":"2017-03-29T13:58:14","date_gmt":"2017-03-29T11:58:14","guid":{"rendered":"http:\/\/www2.mathnique.com\/site\/?page_id=935"},"modified":"2017-03-31T00:45:35","modified_gmt":"2017-03-30T22:45:35","slug":"automates-finis-non-deterministes","status":"publish","type":"page","link":"https:\/\/www.mathnique.com\/site\/automates-finis-non-deterministes\/","title":{"rendered":"Automates finis (non) d\u00e9terministes"},"content":{"rendered":"<p>Cours sur les automates finis d\u00e9terministes et non d\u00e9terministes :<\/p>\n<p><a href=\"http:\/\/www2.mathnique.com\/site\/wp-content\/uploads\/2017\/03\/afdetafi.pdf\">afdetafi<\/a><\/p>\n","protected":false},"excerpt":{"rendered":"<p>Cours sur les automates finis d\u00e9terministes et non d\u00e9terministes : afdetafi<\/p>\n","protected":false},"author":1,"featured_media":0,"parent":0,"menu_order":0,"comment_status":"closed","ping_status":"closed","template":"","meta":{"_monsterinsights_skip_tracking":false,"_monsterinsights_sitenote_active":false,"_monsterinsights_sitenote_note":"","_monsterinsights_sitenote_category":0,"footnotes":""},"class_list":["post-935","page","type-page","status-publish","hentry"],"_links":{"self":[{"href":"https:\/\/www.mathnique.com\/site\/wp-json\/wp\/v2\/pages\/935","targetHints":{"allow":["GET"]}}],"collection":[{"href":"https:\/\/www.mathnique.com\/site\/wp-json\/wp\/v2\/pages"}],"about":[{"href":"https:\/\/www.mathnique.com\/site\/wp-json\/wp\/v2\/types\/page"}],"author":[{"embeddable":true,"href":"https:\/\/www.mathnique.com\/site\/wp-json\/wp\/v2\/users\/1"}],"replies":[{"embeddable":true,"href":"https:\/\/www.mathnique.com\/site\/wp-json\/wp\/v2\/comments?post=935"}],"version-history":[{"count":3,"href":"https:\/\/www.mathnique.com\/site\/wp-json\/wp\/v2\/pages\/935\/revisions"}],"predecessor-version":[{"id":978,"href":"https:\/\/www.mathnique.com\/site\/wp-json\/wp\/v2\/pages\/935\/revisions\/978"}],"wp:attachment":[{"href":"https:\/\/www.mathnique.com\/site\/wp-json\/wp\/v2\/media?parent=935"}],"curies":[{"name":"wp","href":"https:\/\/api.w.org\/{rel}","templated":true}]}}