{"id":979,"date":"2017-03-31T00:48:14","date_gmt":"2017-03-30T22:48:14","guid":{"rendered":"http:\/\/www2.mathnique.com\/site\/?page_id=979"},"modified":"2025-12-18T21:35:18","modified_gmt":"2025-12-18T20:35:18","slug":"plan-detude-dune-fonction","status":"publish","type":"page","link":"https:\/\/www.mathnique.com\/site\/plan-detude-dune-fonction\/","title":{"rendered":"Plan d'\u00e9tude d'une fonction"},"content":{"rendered":"<p><img loading=\"lazy\" decoding=\"async\" class=\"size-full wp-image-520 aligncenter\" src=\"http:\/\/www.mathnique.com\/site\/wp-content\/uploads\/2017\/03\/femme1.gif\" alt=\"\" width=\"191\" height=\"172\" \/><\/p>\n<ul>\n<li><span style=\"color: #ff0000;\"><strong>Comment \u00e9tudier une fonction num\u00e9rique d'une variable r\u00e9elle en 10\u00a0\u00e9tapes<\/strong><br \/>\n<a href=\"http:\/\/www.mathnique.com\/site\/wp-content\/uploads\/2025\/12\/planetudefonction.pdf\"><span style=\"color: #000000;\">Cours et exercices<\/span> : planetudefonction<\/a><\/span><\/li>\n<li><span style=\"color: #ff0000;\"><strong>Quelques probl\u00e8mes classiques :<\/strong><\/span><br \/>\n<img loading=\"lazy\" decoding=\"async\" class=\"size-full wp-image-519 aligncenter\" src=\"http:\/\/www.mathnique.com\/site\/wp-content\/uploads\/2017\/03\/eleve2.gif\" alt=\"\" width=\"129\" height=\"190\" \/><\/p>\n<ul>\n<li>Etude de la fonction $x \\mapsto x^x$<\/li>\n<li>Le c\u00e9l\u00e8bre Bac Nantes C 69 :\n<ul>\n<li>Sujet :\u00a0<a href=\"http:\/\/www.mathnique.com\/site\/wp-content\/uploads\/2017\/11\/bacnantesC69.pdf\">bacnantesC69<\/a><\/li>\n<li>Corrig\u00e9 :<\/li>\n<\/ul>\n<\/li>\n<li><\/li>\n<\/ul>\n<\/li>\n<\/ul>\n","protected":false},"excerpt":{"rendered":"<p>Comment \u00e9tudier une fonction num\u00e9rique d'une variable r\u00e9elle en 10\u00a0\u00e9tapes Cours et exercices : planetudefonction Quelques probl\u00e8mes classiques : Etude de la fonction $x \\mapsto x^x$ Le c\u00e9l\u00e8bre Bac Nantes C 69 : Sujet :\u00a0bacnantesC69 Corrig\u00e9 :<\/p>\n","protected":false},"author":1,"featured_media":0,"parent":0,"menu_order":0,"comment_status":"closed","ping_status":"closed","template":"","meta":{"_monsterinsights_skip_tracking":false,"_monsterinsights_sitenote_active":false,"_monsterinsights_sitenote_note":"","_monsterinsights_sitenote_category":0,"footnotes":""},"class_list":["post-979","page","type-page","status-publish","hentry"],"_links":{"self":[{"href":"https:\/\/www.mathnique.com\/site\/wp-json\/wp\/v2\/pages\/979","targetHints":{"allow":["GET"]}}],"collection":[{"href":"https:\/\/www.mathnique.com\/site\/wp-json\/wp\/v2\/pages"}],"about":[{"href":"https:\/\/www.mathnique.com\/site\/wp-json\/wp\/v2\/types\/page"}],"author":[{"embeddable":true,"href":"https:\/\/www.mathnique.com\/site\/wp-json\/wp\/v2\/users\/1"}],"replies":[{"embeddable":true,"href":"https:\/\/www.mathnique.com\/site\/wp-json\/wp\/v2\/comments?post=979"}],"version-history":[{"count":8,"href":"https:\/\/www.mathnique.com\/site\/wp-json\/wp\/v2\/pages\/979\/revisions"}],"predecessor-version":[{"id":3618,"href":"https:\/\/www.mathnique.com\/site\/wp-json\/wp\/v2\/pages\/979\/revisions\/3618"}],"wp:attachment":[{"href":"https:\/\/www.mathnique.com\/site\/wp-json\/wp\/v2\/media?parent=979"}],"curies":[{"name":"wp","href":"https:\/\/api.w.org\/{rel}","templated":true}]}}