{"id":985,"date":"2017-03-31T01:00:56","date_gmt":"2017-03-30T23:00:56","guid":{"rendered":"http:\/\/www2.mathnique.com\/site\/?page_id=985"},"modified":"2017-03-31T01:17:39","modified_gmt":"2017-03-30T23:17:39","slug":"types-de-reseaux","status":"publish","type":"page","link":"https:\/\/www.mathnique.com\/site\/types-de-reseaux\/","title":{"rendered":"Mod\u00e8les et Types de r\u00e9seaux"},"content":{"rendered":"<p><span style=\"color: #ff0000;\"><b>I - D\u00e9finition<\/b><\/span><\/p>\n<p>Ce sont des syst\u00e8mes informatiques interconnect\u00e9s :<\/p>\n<p>- soit entre un ordinateur central et des terminaux<\/p>\n<p>- soit entre plusieurs ordinateurs.<\/p>\n<p>Tous ces \u00e9l\u00e9ments sont des noeuds reli\u00e9s entre eux par des canaux (c\u00e2bles \u00e9lectriques, fibres optiques, faisceaux hertziens, liaisons satellitales,...)<\/p>\n<p><span style=\"color: #ff0000;\"><b>II - Les mod\u00e8les de r\u00e9seaux<\/b><\/span><\/p>\n<p><b>\u00a0\u00a0\u00a0\u00a0 - Les LAN :<\/b> Local Area NetWork<\/p>\n<p>Ce sont des r\u00e9seaux locaux. les ordinateurs et les p\u00e9riph\u00e9riques sont \u00e0 proximit\u00e9 les uns des autres, par exemple dans une entreprise.<\/p>\n<p><b>\u00a0\u00a0\u00a0\u00a0 - Les MAN :<\/b>Metropolitan Area NetWork<\/p>\n<p>Ce sont des interconnexions de r\u00e9seaux locaux dans une m\u00eame ville ou aggmom\u00e9ration.<\/p>\n<p><b>\u00a0\u00a0\u00a0\u00a0 - Les WAN :<\/b>Wide\u00a0 Area NetWork<\/p>\n<p>Ils relient des LAN et des WAN qui peuvent \u00eatre situ\u00e9s soit dans un m\u00eame pays, soit dispers\u00e9s dans le monde.<\/p>\n<p><span style=\"color: #ff0000;\"><b>III - Les topologies\u00a0 des r\u00e9seaux<\/b><\/span><\/p>\n<p><span style=\"color: #ff0000;\"><b>\u00a0\u00a0 3 topologies de base<\/b><\/span><\/p>\n<p>- <em><span style=\"color: #ff0000;\">La topologie en bus<\/span><\/em><\/p>\n<p>Les noeuds sont dispos\u00e9s sur une ligne ouverte sans croisement avec deux bouchons au bout<br \/>\n<img loading=\"lazy\" decoding=\"async\" class=\"size-medium wp-image-989 aligncenter\" src=\"http:\/\/www2.mathnique.com\/site\/wp-content\/uploads\/2017\/03\/reseauenbus-300x128.png\" alt=\"\" width=\"300\" height=\"128\" srcset=\"https:\/\/www.mathnique.com\/site\/wp-content\/uploads\/2017\/03\/reseauenbus-300x128.png 300w, https:\/\/www.mathnique.com\/site\/wp-content\/uploads\/2017\/03\/reseauenbus.png 503w\" sizes=\"auto, (max-width: 300px) 85vw, 300px\" \/><\/p>\n<p>- <span style=\"color: #ff0000;\"><em>La topologie en \u00e9toile<\/em><\/span><\/p>\n<p>Les noeuds sont reli\u00e9s chacun \u00e0 un noeud central muni d'un concentrateur ( hub).<br \/>\n<img loading=\"lazy\" decoding=\"async\" class=\"size-medium wp-image-990 aligncenter\" src=\"http:\/\/www2.mathnique.com\/site\/wp-content\/uploads\/2017\/03\/reseauenetoile-300x211.png\" alt=\"\" width=\"300\" height=\"211\" srcset=\"https:\/\/www.mathnique.com\/site\/wp-content\/uploads\/2017\/03\/reseauenetoile-300x211.png 300w, https:\/\/www.mathnique.com\/site\/wp-content\/uploads\/2017\/03\/reseauenetoile.png 618w\" sizes=\"auto, (max-width: 300px) 85vw, 300px\" \/><\/p>\n<p>- <em><span style=\"color: #ff0000;\">La topologie en anneau<\/span><\/em><\/p>\n<p>Les noeuds sont dispos\u00e9es sur une ligne ferm\u00e9e sans croisements.<\/p>\n<p>Exemple : le r\u00e9seau Token Ring d'IBM<br \/>\n<img loading=\"lazy\" decoding=\"async\" class=\"size-medium wp-image-991 aligncenter\" src=\"http:\/\/www2.mathnique.com\/site\/wp-content\/uploads\/2017\/03\/reseautokenring-300x207.png\" alt=\"\" width=\"300\" height=\"207\" srcset=\"https:\/\/www.mathnique.com\/site\/wp-content\/uploads\/2017\/03\/reseautokenring-300x207.png 300w, https:\/\/www.mathnique.com\/site\/wp-content\/uploads\/2017\/03\/reseautokenring.png 628w\" sizes=\"auto, (max-width: 300px) 85vw, 300px\" \/><\/p>\n<p>Chaque poste a une adresse logique unique. Un message comporte l'adresse du poste de d\u00e9part et l'adresse du poste de destination et se d\u00e9place le long du r\u00e9seau comme un jeton.<\/p>\n<p><b>\u00a0Autres topologies<\/b><\/p>\n<p>- <span style=\"color: #ff0000;\"><em>La topologie en r\u00e9seau maill\u00e9<\/em><\/span><\/p>\n<p>2 noeuds quelconques sont adjacents.<\/p>\n<p><em>- <span style=\"color: #ff0000;\">La topologie en arbre<\/span><\/em><\/p>\n<p>- <em><span style=\"color: #ff0000;\">La topologie \u00e9toile + bus<\/span><\/em><\/p>\n<p><span style=\"color: #ff0000;\"><b>IV - Les Types de r\u00e9seaux<\/b><\/span><\/p>\n<p>-<span style=\"color: #ff0000;\"><em> Le r\u00e9seau poste \u00e0 poste (peer to peer)<\/em><\/span><\/p>\n<p>Chaque utilisateur est \u00e0 la fois client et serveur. La s\u00e9curit\u00e9 du r\u00e9seau n'est pas assur\u00e9e.<\/p>\n<p>&nbsp;<\/p>\n<p>Dans le monde MacIntosh :<\/p>\n<p>-\u00a0 le r\u00e9seau Apple Talk<\/p>\n<p>Dans le monde des compatibles PC :<\/p>\n<p>- le r\u00e9seau sous Windows 95<\/p>\n<p>- le r\u00e9seau sous Windows 98<\/p>\n<p>- le r\u00e9seau sous Windows NT Work Station<\/p>\n<p>- <em><span style=\"color: #ff0000;\">Le r\u00e9seau organis\u00e9 autour d'un serveur<\/span><\/em><\/p>\n<p>Un (ou plusieurs) ordinateur(s)\u00a0 serveur(s) g\u00e8rent le r\u00e9seau form\u00e9 des autres machines qui sont des clients. La s\u00e9curit\u00e9 est ainsi assur\u00e9e.<\/p>\n<p>Bien entendu , on peut avoir dans ce type de r\u00e9seau plusieurs serveurs :<\/p>\n<p>- serveur de fichiers<\/p>\n<p>- serveur d'impression<\/p>\n<p>- serveur de messageries<\/p>\n<p>- serveur d'applications<\/p>\n<p>- serveur de t\u00e9l\u00e9copies<\/p>\n<p>Dans le monde des compatibles PC :<\/p>\n<p>- le r\u00e9seau sous Windows NT Server<\/p>\n<p><span style=\"color: #ff0000;\"><b>V - Mod\u00e8les de description\u00a0 de r\u00e9seaux<\/b><\/span><\/p>\n<p>Il y a plusieurs mod\u00e8les de description des r\u00e9seaux :<br \/>\nOSI (Open System Interconnexion)<br \/>\nISO (International System Interconnection<br \/>\nDNA ( Digital Network Architecture)<br \/>\nTCP\/IP (Transfer Control protocol-Internet Protocol)<br \/>\nSNA (System Network Architecture)<\/p>\n<p><span style=\"color: #ff0000;\"><b>Voici le mod\u00e8le OSI<\/b><\/span><\/p>\n<table width=\"618.0\" cellspacing=\"0\" cellpadding=\"0\">\n<tbody>\n<tr>\n<td valign=\"middle\">\n<p style=\"text-align: center;\"><b>7 couches<\/b><\/p>\n<\/td>\n<td style=\"text-align: center;\" valign=\"middle\"><b>Fonction des couches<\/b><\/td>\n<\/tr>\n<tr>\n<td valign=\"middle\">\n<p style=\"text-align: center;\">application<\/p>\n<\/td>\n<td valign=\"middle\">\n<p style=\"text-align: center;\">Identifie les correspondants, contr\u00f4le les donn\u00e9es.<\/p>\n<\/td>\n<\/tr>\n<tr>\n<td valign=\"middle\">\n<p style=\"text-align: center;\">pr\u00e9sentation<\/p>\n<\/td>\n<td valign=\"middle\">\n<p style=\"text-align: center;\">compresse, crypte, g\u00e8re les protocoles de terminaux virtuels<\/p>\n<\/td>\n<\/tr>\n<tr>\n<td valign=\"middle\">\n<p style=\"text-align: center;\">session<\/p>\n<\/td>\n<td valign=\"middle\">\n<p style=\"text-align: center;\">mode de dialogue, d\u00e9termine les droits \u00e0 une connexion<\/p>\n<\/td>\n<\/tr>\n<tr>\n<td valign=\"middle\">\n<p style=\"text-align: center;\">transport<\/p>\n<\/td>\n<td valign=\"middle\">\n<p style=\"text-align: center;\">adressage des extr\u00e9mit\u00e9s, proc\u00e9dures de reprise sur incidents<\/p>\n<\/td>\n<\/tr>\n<tr>\n<td valign=\"middle\">\n<p style=\"text-align: center;\">r\u00e9seau<\/p>\n<\/td>\n<td valign=\"middle\">\n<p style=\"text-align: center;\">choix du chemin pour un message<\/p>\n<\/td>\n<\/tr>\n<tr>\n<td valign=\"middle\">\n<p style=\"text-align: center;\">liaison<\/p>\n<\/td>\n<td valign=\"middle\">\n<p style=\"text-align: center;\">dialogue entre 2 noeuds, correction des d\u00e9fauts de la couche physique<\/p>\n<\/td>\n<\/tr>\n<tr>\n<td style=\"text-align: center;\" valign=\"middle\">physique<\/td>\n<td valign=\"middle\">\n<p style=\"text-align: center;\">D\u00e9finition des connecteurs et de la repr\u00e9sentation des bits<\/p>\n<\/td>\n<\/tr>\n<\/tbody>\n<\/table>\n<p><strong><span style=\"color: #ff0000;\">exemple 1<\/span><\/strong><\/p>\n<table width=\"618.0\" cellspacing=\"0\" cellpadding=\"0\">\n<tbody>\n<tr>\n<td valign=\"middle\">\n<p style=\"text-align: center;\">application<\/p>\n<\/td>\n<td valign=\"middle\">&nbsp;<\/td>\n<td valign=\"middle\">&nbsp;<\/td>\n<\/tr>\n<tr>\n<td valign=\"middle\">\n<p style=\"text-align: center;\">pr\u00e9sentation<\/p>\n<\/td>\n<td valign=\"middle\">&nbsp;<\/td>\n<td valign=\"middle\">&nbsp;<\/td>\n<\/tr>\n<tr>\n<td valign=\"middle\">\n<p style=\"text-align: center;\">session<\/p>\n<\/td>\n<td style=\"text-align: center;\" valign=\"middle\">NetBios<\/td>\n<td valign=\"middle\">\n<p style=\"text-align: center;\">R\u00e9seau Machines sous Windows<\/p>\n<\/td>\n<\/tr>\n<tr>\n<td valign=\"middle\">\n<p style=\"text-align: center;\">transport<\/p>\n<\/td>\n<td style=\"text-align: center;\" valign=\"middle\">TCP\/IP<\/td>\n<td valign=\"middle\">\n<p style=\"text-align: center;\">mail,Web,FTP<\/p>\n<\/td>\n<\/tr>\n<tr>\n<td valign=\"middle\">\n<p style=\"text-align: center;\">r\u00e9seau<\/p>\n<\/td>\n<td valign=\"middle\">\n<p style=\"text-align: center;\">IP<\/p>\n<\/td>\n<td valign=\"middle\">&nbsp;<\/td>\n<\/tr>\n<tr>\n<td valign=\"middle\">\n<p style=\"text-align: center;\">liaison<\/p>\n<\/td>\n<td style=\"text-align: center;\" valign=\"middle\">Ethernet<\/td>\n<td valign=\"middle\">\n<p style=\"text-align: center;\">10 ou 100 M\u00e9gaBits<\/p>\n<\/td>\n<\/tr>\n<tr>\n<td valign=\"middle\">\n<p style=\"text-align: center;\">physique<\/p>\n<\/td>\n<td style=\"text-align: center;\" valign=\"middle\">RJ 45<\/td>\n<td valign=\"middle\">\n<p style=\"text-align: center;\">imp\u00e9dance 50 Ohms<\/p>\n<\/td>\n<\/tr>\n<\/tbody>\n<\/table>\n<p><strong><span style=\"color: #ff0000;\">exemple 2<\/span><\/strong><\/p>\n<table width=\"618.0\" cellspacing=\"0\" cellpadding=\"0\">\n<tbody>\n<tr>\n<td valign=\"middle\">\n<p style=\"text-align: center;\">application<\/p>\n<\/td>\n<td valign=\"middle\">&nbsp;<\/td>\n<td valign=\"middle\">&nbsp;<\/td>\n<\/tr>\n<tr>\n<td valign=\"middle\">\n<p style=\"text-align: center;\">pr\u00e9sentation<\/p>\n<\/td>\n<td valign=\"middle\">&nbsp;<\/td>\n<td valign=\"middle\">&nbsp;<\/td>\n<\/tr>\n<tr>\n<td valign=\"middle\">\n<p style=\"text-align: center;\">session<\/p>\n<\/td>\n<td valign=\"middle\">&nbsp;<\/td>\n<td valign=\"middle\">&nbsp;<\/td>\n<\/tr>\n<tr>\n<td valign=\"middle\">\n<p style=\"text-align: center;\">transport<\/p>\n<\/td>\n<td valign=\"middle\">&nbsp;<\/td>\n<td valign=\"middle\">&nbsp;<\/td>\n<\/tr>\n<tr>\n<td valign=\"middle\">\n<p style=\"text-align: center;\">r\u00e9seau<\/p>\n<\/td>\n<td valign=\"middle\">\n<p style=\"text-align: center;\">NetBeui<\/p>\n<\/td>\n<td valign=\"middle\">&nbsp;<\/td>\n<\/tr>\n<tr>\n<td valign=\"middle\">\n<p style=\"text-align: center;\">liaison<\/p>\n<\/td>\n<td valign=\"middle\">&nbsp;<\/td>\n<td valign=\"middle\">&nbsp;<\/td>\n<\/tr>\n<tr>\n<td valign=\"middle\">\n<p style=\"text-align: center;\">physique<\/p>\n<\/td>\n<td valign=\"middle\">\n<p style=\"text-align: center;\">RJ 45 ou c\u00e2ble coaxial<\/p>\n<\/td>\n<td valign=\"middle\">&nbsp;<\/td>\n<\/tr>\n<\/tbody>\n<\/table>\n<p><img loading=\"lazy\" decoding=\"async\" class=\" wp-image-992 aligncenter\" src=\"http:\/\/www2.mathnique.com\/site\/wp-content\/uploads\/2017\/03\/modeleOSI1-300x221.png\" alt=\"\" width=\"504\" height=\"371\" srcset=\"https:\/\/www.mathnique.com\/site\/wp-content\/uploads\/2017\/03\/modeleOSI1-300x221.png 300w, https:\/\/www.mathnique.com\/site\/wp-content\/uploads\/2017\/03\/modeleOSI1.png 674w\" sizes=\"auto, (max-width: 504px) 85vw, 504px\" \/><\/p>\n<p><img loading=\"lazy\" decoding=\"async\" class=\" wp-image-993 aligncenter\" src=\"http:\/\/www2.mathnique.com\/site\/wp-content\/uploads\/2017\/03\/modeleOSI2-300x226.png\" alt=\"\" width=\"434\" height=\"327\" srcset=\"https:\/\/www.mathnique.com\/site\/wp-content\/uploads\/2017\/03\/modeleOSI2-300x226.png 300w, https:\/\/www.mathnique.com\/site\/wp-content\/uploads\/2017\/03\/modeleOSI2.png 677w\" sizes=\"auto, (max-width: 434px) 85vw, 434px\" \/><\/p>\n<p>&nbsp;<\/p>\n<p><span style=\"color: #ff0000;\"><b>VI - Modes de liaison et de transmission des informations<\/b><\/span><\/p>\n<p>mode synchrone : l'\u00e9metteur et le r\u00e9cepteur se mettent en phase.Ils harmonisent leur horloge.<\/p>\n<p>mode asynchrone :la r\u00e9ception est ind\u00e9pendante de l'\u00e9mission.<\/p>\n<p>liaison s\u00e9rie (les bits sont \u00e9mis l'un apr\u00e8s l'autre) : pour les moyennes et longues distances<\/p>\n<p>liaison parall\u00e8le(les bits sont \u00e9mis en m\u00eame temps ) : pour les courtes distances par exemple entre un ordinateur et une imprimante.<\/p>\n<p>liaison point \u00e0 point<\/p>\n<p>liaison multi-point<\/p>\n<p>liaison simplex : Un ordinateur est toujours \u00e9metteur et l'autre est toujours r\u00e9cepteur<\/p>\n<p>liaison half-duplex : A tour de r\u00f4le, un ordinateur est \u00e9metteur et l'autre est\u00a0 r\u00e9cepteur<\/p>\n<p>liaison full duplex : Les deux ordinateurs sont simultan\u00e9ment \u00e9metteurs et r\u00e9cepteurs.<\/p>\n","protected":false},"excerpt":{"rendered":"<p>I - D\u00e9finition Ce sont des syst\u00e8mes informatiques interconnect\u00e9s : - soit entre un ordinateur central et des terminaux - soit entre plusieurs ordinateurs. Tous ces \u00e9l\u00e9ments sont des noeuds reli\u00e9s entre eux par des canaux (c\u00e2bles \u00e9lectriques, fibres optiques, faisceaux hertziens, liaisons satellitales,...) II - Les mod\u00e8les de r\u00e9seaux \u00a0\u00a0\u00a0\u00a0 - Les LAN : &hellip; <a href=\"https:\/\/www.mathnique.com\/site\/types-de-reseaux\/\" class=\"more-link\">Continuer la lecture<span class=\"screen-reader-text\"> de &laquo;&nbsp;Mod\u00e8les et Types de r\u00e9seaux&nbsp;&raquo;<\/span><\/a><\/p>\n","protected":false},"author":1,"featured_media":0,"parent":0,"menu_order":0,"comment_status":"closed","ping_status":"closed","template":"","meta":{"_monsterinsights_skip_tracking":false,"_monsterinsights_sitenote_active":false,"_monsterinsights_sitenote_note":"","_monsterinsights_sitenote_category":0,"footnotes":""},"class_list":["post-985","page","type-page","status-publish","hentry"],"_links":{"self":[{"href":"https:\/\/www.mathnique.com\/site\/wp-json\/wp\/v2\/pages\/985","targetHints":{"allow":["GET"]}}],"collection":[{"href":"https:\/\/www.mathnique.com\/site\/wp-json\/wp\/v2\/pages"}],"about":[{"href":"https:\/\/www.mathnique.com\/site\/wp-json\/wp\/v2\/types\/page"}],"author":[{"embeddable":true,"href":"https:\/\/www.mathnique.com\/site\/wp-json\/wp\/v2\/users\/1"}],"replies":[{"embeddable":true,"href":"https:\/\/www.mathnique.com\/site\/wp-json\/wp\/v2\/comments?post=985"}],"version-history":[{"count":3,"href":"https:\/\/www.mathnique.com\/site\/wp-json\/wp\/v2\/pages\/985\/revisions"}],"predecessor-version":[{"id":994,"href":"https:\/\/www.mathnique.com\/site\/wp-json\/wp\/v2\/pages\/985\/revisions\/994"}],"wp:attachment":[{"href":"https:\/\/www.mathnique.com\/site\/wp-json\/wp\/v2\/media?parent=985"}],"curies":[{"name":"wp","href":"https:\/\/api.w.org\/{rel}","templated":true}]}}